{"id":2451,"date":"2017-01-16T10:05:25","date_gmt":"2017-01-16T09:05:25","guid":{"rendered":"http:\/\/imbc.local\/en\/?page_id=2451"},"modified":"2025-05-23T12:07:54","modified_gmt":"2025-05-23T10:07:54","slug":"your-project","status":"publish","type":"page","link":"https:\/\/www.imbc.be\/en\/your-project\/","title":{"rendered":"Your Project"},"content":{"rendered":"\n<div class=\"wp-block-group alignfull imbc-header has-base-color has-contrast-background-color has-text-color has-background has-link-color wp-elements-ce1c5f5a96a777bd9706a982035e4546 is-layout-flow wp-block-group-is-layout-flow\" style=\"margin-top:0;margin-bottom:0;padding-top:0;padding-bottom:0;--octopods-group-overlay-gradient:linear-gradient(90deg,rgba(26,24,24,0.95) 37%,rgba(26,22,22,0.38) 100%);--octopods-group-background-image:url(https:\/\/www.imbc.be\/wp-content\/uploads\/2016\/08\/Pg-2-Bandeau-Haut-Ventis-NB-e1484325851551.jpg);--octopods-group-background-position:50% 51%;--octopods-group-background-size:cover;--octopods-group-background-repeat:no-repeat;--octopods-group-background-attachment:scroll;--octopods-group-position:relative;aspect-ratio:unset;\">\n<div style=\"height:150px\" aria-hidden=\"true\" class=\"wp-block-spacer\"><\/div>\n\n\n\n<figure class=\"wp-block-image size-large imbc-pattern-craft\"><img loading=\"lazy\" decoding=\"async\" width=\"1024\" height=\"683\" src=\"http:\/\/www.imbc.be\/wp-content\/uploads\/2024\/06\/pattern-craft-1024x683.jpg\" alt=\"\" class=\"wp-image-5090\" srcset=\"https:\/\/www.imbc.be\/wp-content\/uploads\/2024\/06\/pattern-craft-1024x683.jpg 1024w, https:\/\/www.imbc.be\/wp-content\/uploads\/2024\/06\/pattern-craft-300x200.jpg 300w, https:\/\/www.imbc.be\/wp-content\/uploads\/2024\/06\/pattern-craft-768x512.jpg 768w, https:\/\/www.imbc.be\/wp-content\/uploads\/2024\/06\/pattern-craft-1536x1024.jpg 1536w, https:\/\/www.imbc.be\/wp-content\/uploads\/2024\/06\/pattern-craft-2048x1366.jpg 2048w, https:\/\/www.imbc.be\/wp-content\/uploads\/2024\/06\/pattern-craft-600x400.jpg 600w, https:\/\/www.imbc.be\/wp-content\/uploads\/2024\/06\/pattern-craft-1200x800.jpg 1200w, https:\/\/www.imbc.be\/wp-content\/uploads\/2024\/06\/pattern-craft-1620x1080.jpg 1620w\" sizes=\"auto, (max-width: 1024px) 100vw, 1024px\" \/><\/figure>\n\n\n\n<div style=\"height:10vw\" aria-hidden=\"true\" class=\"wp-block-spacer\"><\/div>\n\n\n\n<div class=\"wp-block-group has-global-padding is-layout-constrained wp-block-group-is-layout-constrained\" style=\"margin-top:0;margin-bottom:0\" data-aos=\"fade-left\" data-aos-duration=\"900\" data-aos-easing=\"ease-in-out\" data-aos-once=\"true\">\n<div class=\"wp-block-group is-vertical is-content-justification-left is-layout-flex wp-container-core-group-is-layout-dd225191 wp-block-group-is-layout-flex\">\n<div class=\"wp-block-group is-layout-flow wp-block-group-is-layout-flow\" style=\"--octopods-group-position:relative\">\n<p class=\"has-text-color has-link-color has-small-font-size wp-elements-9ada51fce0dee3e8bd884619791457c5\" style=\"color:#989898;font-style:normal;font-weight:500;letter-spacing:2px;text-transform:uppercase\">Your Project<\/p>\n\n\n\n<h1 class=\"wp-block-heading\" style=\"font-size:clamp(2.2rem, 2.2rem + ((1vw - 0.2rem) * 2.25), 4rem);\">We already provide financing to hundreds of businesses.<br\/><mark class=\"has-inline-color has-primary-color\" style=\"background-color: rgba(0, 0, 0, 0);\">Why not yours?<\/mark><\/h1>\n\n\n\n<div class=\"wp-block-group has-global-padding is-content-justification-left is-layout-constrained wp-container-core-group-is-layout-75e836da wp-block-group-is-layout-constrained\" style=\"margin-bottom:25px\">\n<p>IMBC is the ideal <strong>financial partner<\/strong> for SMEs, both large and small. Whether your business is artisanal or industrial, in a \u201c<a href=\"https:\/\/www.imbc.be\/en\/case_study\/s-a-carrieres-de-pierre-bleue-belge\/\" target=\"_blank\" rel=\"noreferrer noopener\">traditional<\/a>,\u201d \u201coriginal,\u201d or \u201cniche\u201d sector, family-owned or otherwise, a new venture or a growing business\u2026 Whether it\u2019s a <span class='tooltipsall tooltipsincontent classtoolTips2'>Spin-off<\/span> or a <span class='tooltipsall tooltipsincontent classtoolTips1'>Spin-out<\/span>, <strong>your projects are our priority<\/strong>.<\/p>\n<\/div>\n\n\n\n<div class=\"wp-block-group is-nowrap is-layout-flex wp-container-core-group-is-layout-f6a8ca3c wp-block-group-is-layout-flex\" style=\"margin-top:var(--wp--preset--spacing--x-small)\">\n<hr class=\"wp-block-separator has-text-color has-primary-color has-alpha-channel-opacity has-primary-background-color has-background is-style-wide wp-container-content-e1bb55cb\"\/>\n<\/div>\n<\/div>\n<\/div>\n<\/div>\n\n\n\n<div style=\"height:10vw\" aria-hidden=\"true\" class=\"wp-block-spacer\"><\/div>\n\n\n\n<div style=\"height:20px\" aria-hidden=\"true\" class=\"wp-block-spacer block-visibility-hide-large-screen block-visibility-hide-medium-screen\"><\/div>\n<\/div>\n\n<div class=\"wp-block-group alignfull has-primary-background-color has-background is-layout-flow wp-block-group-is-layout-flow\" style=\"min-height: 3px; margin-top: 5px;aspect-ratio:unset;\"><\/div>\n\n<div class=\"wp-block-group alignfull has-neutral-accent-background-color has-background has-global-padding is-layout-constrained wp-block-group-is-layout-constrained\" style=\"margin-top: 0; margin-bottom: 0; padding-top: 2vw; padding-bottom: 2vw; --octopods-group-overflow: hidden;\"><\/div>\n\n<div class=\"wp-block-octopods-divider alignfull has-neutral-accent-background-color has-background\" style=\"min-height: 150px; margin-top: 0; margin-bottom: -150px; ;--octopods-divider-icon-size: 20px; --octopods-divider-icon-align: center; --octopods-divider-icon-justify: center;\"><\/div>\n\n<div class=\"wp-block-group has-base-color has-primary-background-color has-text-color has-background has-link-color wp-elements-b41d11680f43469ad584486321c6fce8 has-global-padding is-layout-constrained wp-container-core-group-is-layout-4707ee20 wp-block-group-is-layout-constrained\" style=\"border-radius:15px;margin-top:0;margin-bottom:var(--wp--preset--spacing--x-large);padding-top:var(--wp--preset--spacing--large);padding-right:var(--wp--preset--spacing--large);padding-bottom:var(--wp--preset--spacing--large);padding-left:var(--wp--preset--spacing--large);font-style:normal;font-weight:500;--octopods-group-overflow:hidden;--octopods-group-position:relative\" data-aos=\"fade-up\" data-aos-duration=\"900\" data-aos-easing=\"ease-in-out\" data-aos-once=\"true\">\n<div class=\"wp-block-group is-layout-flow wp-block-group-is-layout-flow\" style=\"margin-top:0;margin-bottom:0;--octopods-group-position:absolute;--octopods-group-top:-53%;--octopods-group-right:-33%\">\n<figure class=\"wp-block-image size-large is-resized wp-duotone-ffffff4f-rgba2552552550-4\"><img decoding=\"async\" src=\"http:\/\/www.imbc.be\/wp-content\/uploads\/2024\/06\/pattern-halftone.svg\" alt=\"\" class=\"wp-image-5138\" style=\"width:1000px\"\/><\/figure>\n<\/div>\n\n\n\n<div class=\"wp-block-group has-global-padding is-layout-constrained wp-block-group-is-layout-constrained\">\n<h2 class=\"wp-block-heading\" style=\"font-size:clamp(2.2rem, 2.2rem + ((1vw - 0.2rem) * 2.25), 4rem);\">Your project. Your needs.<\/h2>\n\n\n\n<p>Depending on your needs and the maturity of your company: startup, internal and\/or external growth, development of synergies, research and development costs, export, transfer of shares and assets, management buyout, <a href=\"https:\/\/www.imbc.be\/en\/case_study\/s-a-alysse-food\/\" target=\"_blank\" rel=\"noreferrer noopener\">establishment in the region<\/a>, and so on,<strong> we offer a range of solutions to finance<\/strong> your tangible and intangible investments and improve your working capital. As part of our partnership approach, we can support you at every stage in your company\u2019s life cycle, be it as a one-off or on several occasions.<\/p>\n\n\n\n<div class=\"wp-block-buttons is-layout-flex wp-block-buttons-is-layout-flex\">\n<div class=\"wp-block-button\"><a class=\"wp-block-button__link has-primary-color has-base-background-color has-text-color has-background has-link-color wp-element-button\" href=\"https:\/\/www.imbc.be\/en\/contact\/\">Contact Us<\/a><\/div>\n<\/div>\n<\/div>\n<\/div>\n\n<div class=\"wp-block-group alignfull has-global-padding is-layout-constrained wp-block-group-is-layout-constrained\" style=\"margin-top:0;margin-bottom:0;padding-top:2vw;padding-bottom:2vw;--octopods-group-overflow:hidden\">\n<div class=\"wp-block-columns are-vertically-aligned-center is-layout-flex wp-container-core-columns-is-layout-5016e1a0 wp-block-columns-is-layout-flex\">\n<div class=\"wp-block-column is-vertically-aligned-center is-layout-flow wp-block-column-is-layout-flow\" data-aos=\"fade\" data-aos-duration=\"900\" data-aos-easing=\"ease-in-out\" data-aos-once=\"true\">\n<p class=\"has-text-color has-link-color has-small-font-size wp-elements-9ada51fce0dee3e8bd884619791457c5\" style=\"color:#989898;font-style:normal;font-weight:500;letter-spacing:2px;text-transform:uppercase\">Your Project<\/p>\n\n\n\n<h2 class=\"wp-block-heading\" style=\"font-size:clamp(2.2rem, 2.2rem + ((1vw - 0.2rem) * 2.25), 4rem);\">Your Company<\/h2>\n\n\n\n<p>From startups to large-scale industrial SMEs, from artisanal workshops to small family businesses, <strong>IMBC is the perfect partner to help you succeed<\/strong> if your company has a value-added project that needs financing.<\/p>\n\n\n\n<div class=\"wp-block-buttons is-layout-flex wp-block-buttons-is-layout-flex\">\n<div class=\"wp-block-button octopods-button-link is-style-default\"><a class=\"wp-block-button__link wp-element-button\" href=\"https:\/\/www.imbc.be\/en\/case-studies\/\" style=\"border-style:none;border-width:0px;border-radius:0px;padding-top:0;padding-right:0px;padding-bottom:0;padding-left:0px\">Click here to see what our clients have to say<\/a><\/div>\n<\/div>\n<\/div>\n\n\n\n<div class=\"wp-block-column is-vertically-aligned-center is-layout-flow wp-block-column-is-layout-flow\" data-aos=\"fade-left\" data-aos-duration=\"900\" data-aos-easing=\"ease-in-out\" data-aos-once=\"true\">\n<div class=\"wp-block-group is-content-justification-center is-nowrap is-layout-flex wp-container-core-group-is-layout-23441af8 wp-block-group-is-layout-flex\" style=\"--octopods-group-z-index:2;--octopods-group-position:relative\">\n<figure class=\"wp-block-image size-large is-style-rounded\"><img loading=\"lazy\" decoding=\"async\" width=\"1024\" height=\"728\" src=\"http:\/\/www.imbc.be\/wp-content\/uploads\/2024\/06\/pg-2-photo-2-votre-entreprise-dequachim-nb-1024x728.jpg\" alt=\"\" class=\"wp-image-5899\" style=\"aspect-ratio:1;object-fit:cover\" srcset=\"https:\/\/www.imbc.be\/wp-content\/uploads\/2024\/06\/pg-2-photo-2-votre-entreprise-dequachim-nb-1024x728.jpg 1024w, https:\/\/www.imbc.be\/wp-content\/uploads\/2024\/06\/pg-2-photo-2-votre-entreprise-dequachim-nb-300x213.jpg 300w, https:\/\/www.imbc.be\/wp-content\/uploads\/2024\/06\/pg-2-photo-2-votre-entreprise-dequachim-nb-768x546.jpg 768w, https:\/\/www.imbc.be\/wp-content\/uploads\/2024\/06\/pg-2-photo-2-votre-entreprise-dequachim-nb-600x426.jpg 600w, https:\/\/www.imbc.be\/wp-content\/uploads\/2024\/06\/pg-2-photo-2-votre-entreprise-dequachim-nb-1200x853.jpg 1200w, https:\/\/www.imbc.be\/wp-content\/uploads\/2024\/06\/pg-2-photo-2-votre-entreprise-dequachim-nb.jpg 1289w\" sizes=\"auto, (max-width: 1024px) 100vw, 1024px\" \/><\/figure>\n\n\n\n<div class=\"wp-block-group imbc-cta__circle-bottom-wrapper wp-container-content-958eb9dc is-vertical is-layout-flex wp-container-core-group-is-layout-fe9cc265 wp-block-group-is-layout-flex\" style=\"border-radius:100%;--octopods-group-z-index:-1;--octopods-group-position:absolute;--octopods-group-bottom:-80%;--octopods-group-left:65%;aspect-ratio:unset;\" data-aos=\"fade-up-right\" data-aos-delay=\"150\" data-aos-duration=\"900\" data-aos-easing=\"ease-in-out\" data-aos-once=\"true\">\n<div class=\"wp-block-group imbc-cta__circle-bottom has-base-background-color has-background wp-container-content-958eb9dc is-vertical is-layout-flex wp-container-core-group-is-layout-fe9cc265 wp-block-group-is-layout-flex\" style=\"border-radius: 100%; --octopods-group-z-index: -1; --octopods-group-box-shadow: #1a18180d 0 0 200px 100px; --octopods-group-position: absolute; --octopods-group-bottom: -12%; --octopods-group-left: 50%; --octopods-group-transform: translate(-50%, 0) scale(180%, 180%);aspect-ratio:unset;\"><\/div>\n<\/div>\n<\/div>\n<\/div>\n<\/div>\n<\/div>\n\n<div class=\"wp-block-group alignfull has-neutral-accent-background-color has-background has-global-padding is-layout-constrained wp-block-group-is-layout-constrained\" style=\"margin-top:0;margin-bottom:0;padding-top:7vw;padding-bottom:7vw;--octopods-group-overflow:hidden\">\n<div class=\"wp-block-columns are-vertically-aligned-center is-layout-flex wp-container-core-columns-is-layout-5016e1a0 wp-block-columns-is-layout-flex\">\n<div class=\"wp-block-column is-vertically-aligned-center is-layout-flow wp-block-column-is-layout-flow\" data-aos=\"fade-left\" data-aos-duration=\"900\" data-aos-easing=\"ease-in-out\" data-aos-once=\"true\">\n<div class=\"wp-block-group is-content-justification-center is-nowrap is-layout-flex wp-container-core-group-is-layout-23441af8 wp-block-group-is-layout-flex\" style=\"--octopods-group-z-index:2;--octopods-group-position:relative\">\n<figure class=\"wp-block-image size-large is-style-rounded\"><img loading=\"lazy\" decoding=\"async\" width=\"1024\" height=\"683\" src=\"http:\/\/www.imbc.be\/wp-content\/uploads\/2024\/06\/section-votre-secteur-dactivite-1-e1484325985394-1024x683.jpg\" alt=\"\" class=\"wp-image-5902\" style=\"aspect-ratio:1;object-fit:cover\" srcset=\"https:\/\/www.imbc.be\/wp-content\/uploads\/2024\/06\/section-votre-secteur-dactivite-1-e1484325985394-1024x683.jpg 1024w, https:\/\/www.imbc.be\/wp-content\/uploads\/2024\/06\/section-votre-secteur-dactivite-1-e1484325985394-300x200.jpg 300w, https:\/\/www.imbc.be\/wp-content\/uploads\/2024\/06\/section-votre-secteur-dactivite-1-e1484325985394-768x512.jpg 768w, https:\/\/www.imbc.be\/wp-content\/uploads\/2024\/06\/section-votre-secteur-dactivite-1-e1484325985394-1536x1024.jpg 1536w, https:\/\/www.imbc.be\/wp-content\/uploads\/2024\/06\/section-votre-secteur-dactivite-1-e1484325985394-600x400.jpg 600w, https:\/\/www.imbc.be\/wp-content\/uploads\/2024\/06\/section-votre-secteur-dactivite-1-e1484325985394-1200x800.jpg 1200w, https:\/\/www.imbc.be\/wp-content\/uploads\/2024\/06\/section-votre-secteur-dactivite-1-e1484325985394-1620x1080.jpg 1620w, https:\/\/www.imbc.be\/wp-content\/uploads\/2024\/06\/section-votre-secteur-dactivite-1-e1484325985394.jpg 1920w\" sizes=\"auto, (max-width: 1024px) 100vw, 1024px\" \/><\/figure>\n\n\n\n<div class=\"wp-block-group imbc-cta__circle-bottom-wrapper wp-container-content-958eb9dc is-vertical is-layout-flex wp-container-core-group-is-layout-fe9cc265 wp-block-group-is-layout-flex\" style=\"border-radius:100%;--octopods-group-z-index:-1;--octopods-group-position:absolute;--octopods-group-bottom:-80%;--octopods-group-left:-50%;aspect-ratio:unset;\" data-aos=\"fade-up-right\" data-aos-delay=\"150\" data-aos-duration=\"900\" data-aos-easing=\"ease-in-out\" data-aos-once=\"true\">\n<div class=\"wp-block-group imbc-cta__circle-bottom has-base-background-color has-background wp-container-content-958eb9dc is-vertical is-layout-flex wp-container-core-group-is-layout-fe9cc265 wp-block-group-is-layout-flex\" style=\"border-radius: 100%; --octopods-group-z-index: -1; --octopods-group-box-shadow: #1a18180d 0 0 200px 100px; --octopods-group-position: absolute; --octopods-group-bottom: -12%; --octopods-group-left: 50%; --octopods-group-transform: translate(-50%, 0) scale(180%, 180%);aspect-ratio:unset;\"><\/div>\n<\/div>\n<\/div>\n<\/div>\n\n\n\n<div class=\"wp-block-column is-vertically-aligned-center is-layout-flow wp-block-column-is-layout-flow\" data-aos=\"fade\" data-aos-duration=\"900\" data-aos-easing=\"ease-in-out\" data-aos-once=\"true\">\n<div class=\"wp-block-group has-global-padding is-layout-constrained wp-block-group-is-layout-constrained\" style=\"--octopods-group-z-index:2;--octopods-group-position:relative\">\n<p class=\"has-text-color has-link-color has-small-font-size wp-elements-9ada51fce0dee3e8bd884619791457c5\" style=\"color:#989898;font-style:normal;font-weight:500;letter-spacing:2px;text-transform:uppercase\">Your Project<\/p>\n\n\n\n<h2 class=\"wp-block-heading\" style=\"font-size:clamp(2.2rem, 2.2rem + ((1vw - 0.2rem) * 2.25), 4rem);\">Your Business Sector<\/h2>\n\n\n\n<p>IMBC provides financing for companies operating in a <strong>wide range of sectors<\/strong>: <a href=\"https:\/\/www.imbc.be\/en\/case_study\/sita\/\" target=\"_blank\" rel=\"noreferrer noopener\">agri-food<\/a>, <a href=\"https:\/\/www.imbc.be\/en\/case_study\/fairwind\/\">environment and ecology<\/a>, transport, logistics, and handling, <a href=\"https:\/\/www.imbc.be\/en\/case_study\/s-a-d-tek\/\" target=\"_blank\" rel=\"noreferrer noopener\">chemistry and biotechnology<\/a>, <a href=\"https:\/\/www.imbc.be\/case-studies\/s-a-decube\/\" target=\"_blank\" rel=\"noreferrer noopener\">services and consultancy<\/a>, high-tech, general contracting and civil engineering, wholesale trade, machinery and capital goods manufacturing, <a href=\"https:\/\/www.imbc.be\/en\/case_study\/__trashed\/\" target=\"_blank\" rel=\"noreferrer noopener\">consumer goods manufacturing<\/a>, <a href=\"https:\/\/www.imbc.be\/en\/case_study\/s-a-carrieres-de-pierre-bleue-belge\/\" target=\"_blank\" rel=\"noreferrer noopener\">quarrying and stone products<\/a>, or any other niche activity, whether B2C, B2B or B2G.<\/p>\n\n\n\n<div class=\"wp-block-buttons is-layout-flex wp-block-buttons-is-layout-flex\">\n<div class=\"wp-block-button octopods-button-link is-style-default\"><a class=\"wp-block-button__link wp-element-button\" href=\"https:\/\/www.imbc.be\/en\/directory\/\" style=\"border-style:none;border-width:0px;border-radius:0px;padding-top:0;padding-right:0px;padding-bottom:0;padding-left:0px\">Which Sectors?<\/a><\/div>\n<\/div>\n<\/div>\n<\/div>\n<\/div>\n<\/div>\n<script type=\"text\/javascript\"> toolTips('.classtoolTips1','Soci\u00e9t\u00e9 constitu\u00e9e au d\u00e9part de la division\/scission d\u2019une autre entreprise fin de d\u00e9velopper un projet de mani\u00e8re autonome.'); <\/script><script type=\"text\/javascript\"> toolTips('.classtoolTips2','Entreprise cr\u00e9\u00e9e \u00e0 partir des connaissances et des technologies issues d\u2019une recherche universitaire.'); <\/script>","protected":false},"excerpt":{"rendered":"<p>Your Project We already provide financing to hundreds of businesses.Why not yours? IMBC is the ideal financial partner for SMEs, both large and small. Whether your business is artisanal or industrial, in a \u201ctraditional,\u201d \u201coriginal,\u201d or \u201cniche\u201d sector, family-owned or otherwise, a new venture or a growing business\u2026 Whether it\u2019s a Spin-off or a Spin-out, [&hellip;]<\/p>\n","protected":false},"author":1,"featured_media":1875,"parent":0,"menu_order":54,"comment_status":"closed","ping_status":"closed","template":"no-title","meta":{"_acf_changed":false,"inline_featured_image":false,"footnotes":""},"class_list":["post-2451","page","type-page","status-publish","has-post-thumbnail","hentry"],"acf":[],"_links":{"self":[{"href":"https:\/\/www.imbc.be\/en\/wp-json\/wp\/v2\/pages\/2451","targetHints":{"allow":["GET"]}}],"collection":[{"href":"https:\/\/www.imbc.be\/en\/wp-json\/wp\/v2\/pages"}],"about":[{"href":"https:\/\/www.imbc.be\/en\/wp-json\/wp\/v2\/types\/page"}],"author":[{"embeddable":true,"href":"https:\/\/www.imbc.be\/en\/wp-json\/wp\/v2\/users\/1"}],"replies":[{"embeddable":true,"href":"https:\/\/www.imbc.be\/en\/wp-json\/wp\/v2\/comments?post=2451"}],"version-history":[{"count":10,"href":"https:\/\/www.imbc.be\/en\/wp-json\/wp\/v2\/pages\/2451\/revisions"}],"predecessor-version":[{"id":9499,"href":"https:\/\/www.imbc.be\/en\/wp-json\/wp\/v2\/pages\/2451\/revisions\/9499"}],"wp:featuredmedia":[{"embeddable":true,"href":"https:\/\/www.imbc.be\/en\/wp-json\/wp\/v2\/media\/1875"}],"wp:attachment":[{"href":"https:\/\/www.imbc.be\/en\/wp-json\/wp\/v2\/media?parent=2451"}],"curies":[{"name":"wp","href":"https:\/\/api.w.org\/{rel}","templated":true}]}}